{"id":1070,"date":"2021-07-14T09:16:12","date_gmt":"2021-07-14T14:16:12","guid":{"rendered":"https:\/\/gruasvillarreal.com.mx\/nosotros\/"},"modified":"2023-07-20T16:17:42","modified_gmt":"2023-07-20T22:17:42","slug":"aboutus","status":"publish","type":"page","link":"https:\/\/gruasvillarreal.com.mx\/en\/aboutus\/","title":{"rendered":"About Us Gruas Villarreal"},"content":{"rendered":"<p style=\"text-align: center;\">Gr\u00faas Villarreal is a 100% Mexican company focused on leasing cranes, equipment, and ground transportation in different modalities and capacities, offering comprehensive lifting solutions for the energy, petrochemical, maritime industry, civil construction industry and specialized maneuvers.<\/p>\n<p>&nbsp;<\/p>\n<p>&nbsp;<\/p>\n","protected":false},"excerpt":{"rendered":"Gr\u00faas Villarreal is a 100% Mexican company focused on leasing cranes, equipment, and ground transportation in different modalities and capacities, offering comprehensive lifting solutions for the energy, petrochemical, maritime industry, civil construction industry and specialized maneuvers. &nbsp; &nbsp;","protected":false},"author":1,"featured_media":1247,"parent":0,"menu_order":0,"comment_status":"closed","ping_status":"closed","template":"","meta":{"_acf_changed":false,"footnotes":""},"class_list":["post-1070","page","type-page","status-publish","has-post-thumbnail","hentry"],"acf":[],"yoast_head":"<!-- This site is optimized with the Yoast SEO plugin v27.4 - https:\/\/yoast.com\/product\/yoast-seo-wordpress\/ -->\n<title>Qui\u00e9nes Somos<\/title>\n<meta name=\"description\" content=\"Gr\u00faas Villarreal es una empresa 100% mexicana dedicada al arrendamiento de gr\u00faas, equipos y transporte terrestre en diferentes modalidades y capacidades. La empresa ofrece soluciones integrales de carga, traslado, descarga y montaje, para la industria energ\u00e9tica, petroqu\u00edmica, mar\u00edtima, de obra civil y maniobras especializadas.\" \/>\n<meta name=\"robots\" content=\"index, follow, max-snippet:-1, max-image-preview:large, max-video-preview:-1\" \/>\n<link rel=\"canonical\" href=\"https:\/\/gruasvillarreal.com.mx\/en\/aboutus\/\" \/>\n<meta property=\"og:locale\" content=\"en_US\" \/>\n<meta property=\"og:type\" content=\"article\" \/>\n<meta property=\"og:title\" content=\"[{&quot;score&quot;:&quot;loading&quot;}]\" \/>\n<meta property=\"og:description\" content=\"[&quot;&quot;,&quot;&quot;]\" \/>\n<meta property=\"og:url\" content=\"https:\/\/gruasvillarreal.com.mx\/en\/aboutus\/\" \/>\n<meta property=\"og:site_name\" content=\"Gr\u00faas Villarreal\" \/>\n<meta property=\"article:modified_time\" content=\"2023-07-20T22:17:42+00:00\" \/>\n<meta name=\"twitter:card\" content=\"summary_large_image\" \/>\n<meta name=\"twitter:description\" content=\"27\" \/>\n<meta name=\"twitter:label1\" content=\"Est. reading time\" \/>\n\t<meta name=\"twitter:data1\" content=\"1 minute\" \/>\n<script type=\"application\/ld+json\" class=\"yoast-schema-graph\">{\"@context\":\"https:\\\/\\\/schema.org\",\"@graph\":[{\"@type\":\"WebPage\",\"@id\":\"https:\\\/\\\/gruasvillarreal.com.mx\\\/en\\\/aboutus\\\/\",\"url\":\"https:\\\/\\\/gruasvillarreal.com.mx\\\/en\\\/aboutus\\\/\",\"name\":\"Qui\u00e9nes Somos\",\"isPartOf\":{\"@id\":\"https:\\\/\\\/gruasvillarreal.com.mx\\\/#website\"},\"primaryImageOfPage\":{\"@id\":\"https:\\\/\\\/gruasvillarreal.com.mx\\\/en\\\/aboutus\\\/#primaryimage\"},\"image\":{\"@id\":\"https:\\\/\\\/gruasvillarreal.com.mx\\\/en\\\/aboutus\\\/#primaryimage\"},\"thumbnailUrl\":\"https:\\\/\\\/gruasvillarreal.com.mx\\\/wp-content\\\/uploads\\\/2021\\\/08\\\/acercade-scaled.jpg\",\"datePublished\":\"2021-07-14T14:16:12+00:00\",\"dateModified\":\"2023-07-20T22:17:42+00:00\",\"description\":\"Gr\u00faas Villarreal es una empresa 100% mexicana dedicada al arrendamiento de gr\u00faas, equipos y transporte terrestre en diferentes modalidades y capacidades. La empresa ofrece soluciones integrales de carga, traslado, descarga y montaje, para la industria energ\u00e9tica, petroqu\u00edmica, mar\u00edtima, de obra civil y maniobras especializadas.\",\"breadcrumb\":{\"@id\":\"https:\\\/\\\/gruasvillarreal.com.mx\\\/en\\\/aboutus\\\/#breadcrumb\"},\"inLanguage\":\"en-US\",\"potentialAction\":[{\"@type\":\"ReadAction\",\"target\":[\"https:\\\/\\\/gruasvillarreal.com.mx\\\/en\\\/aboutus\\\/\"]}]},{\"@type\":\"ImageObject\",\"inLanguage\":\"en-US\",\"@id\":\"https:\\\/\\\/gruasvillarreal.com.mx\\\/en\\\/aboutus\\\/#primaryimage\",\"url\":\"https:\\\/\\\/gruasvillarreal.com.mx\\\/wp-content\\\/uploads\\\/2021\\\/08\\\/acercade-scaled.jpg\",\"contentUrl\":\"https:\\\/\\\/gruasvillarreal.com.mx\\\/wp-content\\\/uploads\\\/2021\\\/08\\\/acercade-scaled.jpg\",\"width\":2560,\"height\":1047},{\"@type\":\"BreadcrumbList\",\"@id\":\"https:\\\/\\\/gruasvillarreal.com.mx\\\/en\\\/aboutus\\\/#breadcrumb\",\"itemListElement\":[{\"@type\":\"ListItem\",\"position\":1,\"name\":\"Home\",\"item\":\"https:\\\/\\\/gruasvillarreal.com.mx\\\/en\\\/\"},{\"@type\":\"ListItem\",\"position\":2,\"name\":\"27\"}]},{\"@type\":\"WebSite\",\"@id\":\"https:\\\/\\\/gruasvillarreal.com.mx\\\/#website\",\"url\":\"https:\\\/\\\/gruasvillarreal.com.mx\\\/\",\"name\":\"Gr\u00faas Villarreal\",\"description\":\"Servicios integrales de izaje\",\"potentialAction\":[{\"@type\":\"SearchAction\",\"target\":{\"@type\":\"EntryPoint\",\"urlTemplate\":\"https:\\\/\\\/gruasvillarreal.com.mx\\\/?s={search_term_string}\"},\"query-input\":{\"@type\":\"PropertyValueSpecification\",\"valueRequired\":true,\"valueName\":\"search_term_string\"}}],\"inLanguage\":\"en-US\"}]}<\/script>\n<!-- \/ Yoast SEO plugin. -->","yoast_head_json":{"title":"Qui\u00e9nes Somos","description":"Gr\u00faas Villarreal es una empresa 100% mexicana dedicada al arrendamiento de gr\u00faas, equipos y transporte terrestre en diferentes modalidades y capacidades. La empresa ofrece soluciones integrales de carga, traslado, descarga y montaje, para la industria energ\u00e9tica, petroqu\u00edmica, mar\u00edtima, de obra civil y maniobras especializadas.","robots":{"index":"index","follow":"follow","max-snippet":"max-snippet:-1","max-image-preview":"max-image-preview:large","max-video-preview":"max-video-preview:-1"},"canonical":"https:\/\/gruasvillarreal.com.mx\/en\/aboutus\/","og_locale":"en_US","og_type":"article","og_title":"[{\"score\":\"loading\"}]","og_description":"[\"\",\"\"]","og_url":"https:\/\/gruasvillarreal.com.mx\/en\/aboutus\/","og_site_name":"Gr\u00faas Villarreal","article_modified_time":"2023-07-20T22:17:42+00:00","twitter_card":"summary_large_image","twitter_description":"27","twitter_misc":{"Est. reading time":"1 minute"},"schema":{"@context":"https:\/\/schema.org","@graph":[{"@type":"WebPage","@id":"https:\/\/gruasvillarreal.com.mx\/en\/aboutus\/","url":"https:\/\/gruasvillarreal.com.mx\/en\/aboutus\/","name":"Qui\u00e9nes Somos","isPartOf":{"@id":"https:\/\/gruasvillarreal.com.mx\/#website"},"primaryImageOfPage":{"@id":"https:\/\/gruasvillarreal.com.mx\/en\/aboutus\/#primaryimage"},"image":{"@id":"https:\/\/gruasvillarreal.com.mx\/en\/aboutus\/#primaryimage"},"thumbnailUrl":"https:\/\/gruasvillarreal.com.mx\/wp-content\/uploads\/2021\/08\/acercade-scaled.jpg","datePublished":"2021-07-14T14:16:12+00:00","dateModified":"2023-07-20T22:17:42+00:00","description":"Gr\u00faas Villarreal es una empresa 100% mexicana dedicada al arrendamiento de gr\u00faas, equipos y transporte terrestre en diferentes modalidades y capacidades. La empresa ofrece soluciones integrales de carga, traslado, descarga y montaje, para la industria energ\u00e9tica, petroqu\u00edmica, mar\u00edtima, de obra civil y maniobras especializadas.","breadcrumb":{"@id":"https:\/\/gruasvillarreal.com.mx\/en\/aboutus\/#breadcrumb"},"inLanguage":"en-US","potentialAction":[{"@type":"ReadAction","target":["https:\/\/gruasvillarreal.com.mx\/en\/aboutus\/"]}]},{"@type":"ImageObject","inLanguage":"en-US","@id":"https:\/\/gruasvillarreal.com.mx\/en\/aboutus\/#primaryimage","url":"https:\/\/gruasvillarreal.com.mx\/wp-content\/uploads\/2021\/08\/acercade-scaled.jpg","contentUrl":"https:\/\/gruasvillarreal.com.mx\/wp-content\/uploads\/2021\/08\/acercade-scaled.jpg","width":2560,"height":1047},{"@type":"BreadcrumbList","@id":"https:\/\/gruasvillarreal.com.mx\/en\/aboutus\/#breadcrumb","itemListElement":[{"@type":"ListItem","position":1,"name":"Home","item":"https:\/\/gruasvillarreal.com.mx\/en\/"},{"@type":"ListItem","position":2,"name":"27"}]},{"@type":"WebSite","@id":"https:\/\/gruasvillarreal.com.mx\/#website","url":"https:\/\/gruasvillarreal.com.mx\/","name":"Gr\u00faas Villarreal","description":"Servicios integrales de izaje","potentialAction":[{"@type":"SearchAction","target":{"@type":"EntryPoint","urlTemplate":"https:\/\/gruasvillarreal.com.mx\/?s={search_term_string}"},"query-input":{"@type":"PropertyValueSpecification","valueRequired":true,"valueName":"search_term_string"}}],"inLanguage":"en-US"}]}},"_links":{"self":[{"href":"https:\/\/gruasvillarreal.com.mx\/en\/wp-json\/wp\/v2\/pages\/1070","targetHints":{"allow":["GET"]}}],"collection":[{"href":"https:\/\/gruasvillarreal.com.mx\/en\/wp-json\/wp\/v2\/pages"}],"about":[{"href":"https:\/\/gruasvillarreal.com.mx\/en\/wp-json\/wp\/v2\/types\/page"}],"author":[{"embeddable":true,"href":"https:\/\/gruasvillarreal.com.mx\/en\/wp-json\/wp\/v2\/users\/1"}],"replies":[{"embeddable":true,"href":"https:\/\/gruasvillarreal.com.mx\/en\/wp-json\/wp\/v2\/comments?post=1070"}],"version-history":[{"count":6,"href":"https:\/\/gruasvillarreal.com.mx\/en\/wp-json\/wp\/v2\/pages\/1070\/revisions"}],"predecessor-version":[{"id":2356,"href":"https:\/\/gruasvillarreal.com.mx\/en\/wp-json\/wp\/v2\/pages\/1070\/revisions\/2356"}],"wp:featuredmedia":[{"embeddable":true,"href":"https:\/\/gruasvillarreal.com.mx\/en\/wp-json\/wp\/v2\/media\/1247"}],"wp:attachment":[{"href":"https:\/\/gruasvillarreal.com.mx\/en\/wp-json\/wp\/v2\/media?parent=1070"}],"curies":[{"name":"wp","href":"https:\/\/api.w.org\/{rel}","templated":true}]}}